{"id":18,"date":"2026-03-05T21:33:39","date_gmt":"2026-03-05T20:33:39","guid":{"rendered":"https:\/\/medicus-egeria.cz\/?page_id=18"},"modified":"2026-04-22T00:16:25","modified_gmt":"2026-04-21T22:16:25","slug":"kontakt","status":"publish","type":"page","link":"https:\/\/medicus-egeria.cz\/?page_id=18","title":{"rendered":"Kontakt"},"content":{"rendered":"\r\n<p><strong>MEDICUS EGERIA s.r.o.<\/strong><br \/>Nerudova 2397\/3<br \/>350 02 Cheb<\/p>\r\n<p><strong>Ordinace<\/strong> (objedn\u00e1n\u00ed, recepty)<br \/><strong>Email:<\/strong> medicus.egeria@seznam.cz<\/p>\r\n<p style=\"text-align: left;\">\u00a0<\/p>\r\n<p>&nbsp;<\/p>\r\n<p><img loading=\"lazy\" decoding=\"async\" class=\"size-medium wp-image-124\" src=\"https:\/\/medicus-egeria.cz\/wp-content\/uploads\/2026\/03\/image0-225x300.jpeg\" alt=\"MUDr. Pavel V\u00edt\" width=\"225\" height=\"300\" srcset=\"https:\/\/medicus-egeria.cz\/wp-content\/uploads\/2026\/03\/image0-225x300.jpeg 225w, https:\/\/medicus-egeria.cz\/wp-content\/uploads\/2026\/03\/image0-769x1024.jpeg 769w, https:\/\/medicus-egeria.cz\/wp-content\/uploads\/2026\/03\/image0-768x1023.jpeg 768w, https:\/\/medicus-egeria.cz\/wp-content\/uploads\/2026\/03\/image0-1154x1536.jpeg 1154w, https:\/\/medicus-egeria.cz\/wp-content\/uploads\/2026\/03\/image0.jpeg 1424w\" sizes=\"auto, (max-width: 225px) 100vw, 225px\" \/><\/p>\r\n<p><strong>MUDr. Pavel V\u00edt <\/strong>| praktick\u00fd l\u00e9ka\u0159<\/p>\r\n","protected":false},"excerpt":{"rendered":"<p>MEDICUS EGERIA s.r.o.Nerudova 2397\/3350 02 Cheb Ordinace (objedn\u00e1n\u00ed, recepty)Email: medicus.egeria@seznam.cz \u00a0 &nbsp; MUDr. Pavel V\u00edt | praktick\u00fd l\u00e9ka\u0159<\/p>\n","protected":false},"author":1,"featured_media":0,"parent":0,"menu_order":0,"comment_status":"closed","ping_status":"closed","template":"","meta":{"footnotes":""},"class_list":["post-18","page","type-page","status-publish","hentry"],"_links":{"self":[{"href":"https:\/\/medicus-egeria.cz\/index.php?rest_route=\/wp\/v2\/pages\/18","targetHints":{"allow":["GET"]}}],"collection":[{"href":"https:\/\/medicus-egeria.cz\/index.php?rest_route=\/wp\/v2\/pages"}],"about":[{"href":"https:\/\/medicus-egeria.cz\/index.php?rest_route=\/wp\/v2\/types\/page"}],"author":[{"embeddable":true,"href":"https:\/\/medicus-egeria.cz\/index.php?rest_route=\/wp\/v2\/users\/1"}],"replies":[{"embeddable":true,"href":"https:\/\/medicus-egeria.cz\/index.php?rest_route=%2Fwp%2Fv2%2Fcomments&post=18"}],"version-history":[{"count":38,"href":"https:\/\/medicus-egeria.cz\/index.php?rest_route=\/wp\/v2\/pages\/18\/revisions"}],"predecessor-version":[{"id":289,"href":"https:\/\/medicus-egeria.cz\/index.php?rest_route=\/wp\/v2\/pages\/18\/revisions\/289"}],"wp:attachment":[{"href":"https:\/\/medicus-egeria.cz\/index.php?rest_route=%2Fwp%2Fv2%2Fmedia&parent=18"}],"curies":[{"name":"wp","href":"https:\/\/api.w.org\/{rel}","templated":true}]}}